{"id":4936,"date":"2019-02-25T10:05:26","date_gmt":"2019-02-25T09:05:26","guid":{"rendered":"http:\/\/www.pernatindustrie.com\/rechtliche-hinweise\/"},"modified":"2019-02-25T10:05:26","modified_gmt":"2019-02-25T09:05:26","slug":"rechtliche-hinweise","status":"publish","type":"page","link":"https:\/\/www.pernatindustrie.com\/de\/rechtliche-hinweise\/","title":{"rendered":"Rechtliche Hinweise"},"content":{"rendered":"<h3>Rechtliche Hinweise<\/h3>\n<h4>1. Vorstellung der Site.<\/h4>\n<p>Gem\u00e4\u00df Artikel 6 des Gesetzes Nr. 2004-575 vom 21. Juni 2004 \u00fcber das Vertrauen in die digitale Wirtschaft ist den Nutzern der Website <a href=\"http:\/\/www.pernatindustrie.com\/ \"> www.pernatindustrie.com <\/a> die Identit\u00e4t der verschiedenen Stakeholder im Rahmen ihrer Implementierung und \u00dcberwachung:<\/p>\n<p><strong> Eigent\u00fcmer <\/strong>: PERNAT INDUSTRIE SA &#8211; SA 32471754500036 &#8211; 375, rue des techniques<br \/>\n<strong> Ersteller <\/strong>: <a href=\"http:\/\/www.pernatindustrie.com\"> PERNAT INDUSTRY <\/a><br \/>\n<strong> Publikationsmanager <\/strong>: Arnaud DANCLA &#8211; contact@pernatindustrie.com<br \/>\nDer Publikationsmanager ist eine nat\u00fcrliche oder juristische Person.<br \/>\n<strong> Webmaster <\/strong>: Arnaud DANCLA &#8211; contact@pernatindustrie.com<br \/>\n<strong> Host <\/strong>: Via Numerica &#8211; 383, Rue Louis Rustin 74160 Archamps<\/p>\n<h4>2. Allgemeine Nutzungsbedingungen der Website und der angebotenen Dienste.<\/h4>\n<p>Die Nutzung der Website <a href=\"http:\/\/www.pernatindustrie.com\/\"> www.pernatindustrie.com <\/a> setzt die uneingeschr\u00e4nkte Zustimmung zu den unten beschriebenen Bedingungen voraus. Diese Nutzungsbedingungen k\u00f6nnen jederzeit ge\u00e4ndert oder erg\u00e4nzt werden. Nutzer der Website <a href=\"http:\/\/www.pernatindustrie.com\/\"> www.pernatindustrie.com <\/a> sind daher eingeladen um sie regelm\u00e4\u00dfig zu konsultieren.<\/p>\n<p>Diese Website ist normalerweise f\u00fcr Benutzer jederzeit zug\u00e4nglich. Eine Unterbrechung aufgrund technischer Wartungsarbeiten kann jedoch von PERNAT INDUSTRIE SA entschieden werden, die sich dann bem\u00fcht, den Benutzern vor dem Zeitpunkt des Eingriffs mitzuteilen.<\/p>\n<p>Die Website <a href=\"http:\/\/www.pernatindustrie.com\/\"> www.pernatindustrie.com <\/a> wird regelm\u00e4\u00dfig von Arnaud DANCLA aktualisiert. In gleicher Weise k\u00f6nnen die rechtlichen Erw\u00e4hnungen jederzeit ge\u00e4ndert werden: Sie zwingen den Benutzer jedoch, der aufgefordert wird, so oft wie m\u00f6glich darauf zu verweisen, um dies zu beachten.<\/p>\n<h4>3. Beschreibung der angebotenen Dienste.<\/h4>\n<p>Der Zweck von <a href=\"http:\/\/www.pernatindustrie.com\/\"> www.pernatindustrie.com <\/a> ist die Bereitstellung von Informationen \u00fcber alle Aktivit\u00e4ten des Unternehmens.<\/p>\n<p>PERNAT INDUSTRIE SA ist bestrebt, auf der Website <a href=\"http:\/\/www.pernatindustrie.com\/\"> www.pernatindustrie.com <\/a> so genaue Informationen wie m\u00f6glich bereitzustellen. Er kann jedoch nicht f\u00fcr Unterlassungen, Ungenauigkeiten und M\u00e4ngel bei der Aktualisierung haftbar gemacht werden, unabh\u00e4ngig davon, ob er oder die dritten Partner, die diese Informationen zur Verf\u00fcgung stellen.<\/p>\n<p>Alle auf <a href=\"http:\/\/www.pernatindustrie.com\/\"> www.pernatindustrie.com <\/a> aufgef\u00fchrten Informationen dienen ausschlie\u00dflich Informationszwecken und k\u00f6nnen sich \u00e4ndern. Dar\u00fcber hinaus sind die Informationen auf <a href=\"http:\/\/www.pernatindustrie.com\/\"> www.pernatindustrie.com <\/a> nicht vollst\u00e4ndig. Sie sind vorbehaltlich \u00c4nderungen, die seit dem Online-Betrieb vorgenommen wurden.<\/p>\n<h4>4. Vertragliche Beschr\u00e4nkungen f\u00fcr technische Daten.<\/h4>\n<p>Die Site verwendet JavaScript-Technologie.<\/p>\n<p>Die Website kann nicht f\u00fcr wesentliche Sch\u00e4den haftbar gemacht werden, die durch die Nutzung der Website entstehen. Dar\u00fcber hinaus verpflichtet sich der Benutzer der Website, auf die Website mit aktuellen Ger\u00e4ten zuzugreifen, die keine Viren enthalten, und mit einem Browser der letzten Generation auf dem neuesten Stand zu sein<\/p>\n<h4>5. Geistiges Eigentum und F\u00e4lschungen.<\/h4>\n<p>PERNAT INDUSTRIE SA besitzt die Rechte am geistigen Eigentum oder besitzt die Rechte zur Nutzung aller auf der Website verf\u00fcgbaren Elemente, einschlie\u00dflich Text, Bildern, Grafiken, Logos, Symbolen, Sounds, Software.<\/p>\n<p>Die Vervielf\u00e4ltigung, Darstellung, Ver\u00e4nderung, Ver\u00f6ffentlichung, Anpassung aller oder eines Teils der Elemente der Website, gleich auf welche Weise oder mit welchem \u200b\u200bVerfahren, ist ohne die vorherige schriftliche Zustimmung von: PERNAT INDUSTRIE SA untersagt.<\/p>\n<p>Jede nicht genehmigte Nutzung der Website oder eines der darin enthaltenen Elemente wird als Versto\u00df angesehen und gem\u00e4\u00df den Bestimmungen von Artikel L.335-2 und folgenden des Code of Intellectual Property strafrechtlich verfolgt.<\/p>\n<h4>6. Haftungsbeschr\u00e4nkungen.<\/h4>\n<p>PERNAT INDUSTRIE SA haftet nicht f\u00fcr direkte oder indirekte Sch\u00e4den an den Ger\u00e4ten des Benutzers, wenn Sie auf die Website www.pernatindustrie.com zugreifen, und die sich aus der Verwendung von Ger\u00e4ten ergeben, die nicht den Spezifikationen entsprechen. In Punkt 4 ist entweder das Auftreten eines Fehlers oder eine Inkompatibilit\u00e4t angegeben.<\/p>\n<p>PERNAT INDUSTRIE SA haftet auch nicht f\u00fcr Folgesch\u00e4den (wie zum Beispiel Marktverlust oder Chancenverlust), die sich aus der Nutzung der Website <a href=\"http:\/\/www.pernatindustrie.com ergeben \/\">www.pernatindustrie.com <\/a>.<\/p>\n<p>Interaktive R\u00e4ume (M\u00f6glichkeit, Fragen im Kontaktbereich zu stellen) stehen den Benutzern zur Verf\u00fcgung. PERNAT INDUSTRIE SA beh\u00e4lt sich das Recht vor, Inhalte, die in diesem Bereich gepostet werden und die gegen das in Frankreich anwendbare Recht versto\u00dfen, insbesondere die Datenschutzbestimmungen, ohne vorherige Ank\u00fcndigung zu l\u00f6schen. Gegebenenfalls beh\u00e4lt sich PERNAT INDUSTRIE SA auch das Recht vor, die zivil- und \/ oder strafrechtliche Verantwortlichkeit des Nutzers in Frage zu stellen, insbesondere im Fall einer rassistischen, missbr\u00e4uchlichen, diffamierenden oder pornografischen Nachricht, unabh\u00e4ngig vom verwendeten Medium. (Text, Fotografie &#8230;).<\/p>\n<h4>7. Verwaltung personenbezogener Daten.<\/h4>\n<p>In Frankreich sind personenbezogene Daten insbesondere durch das Gesetz Nr. 78-87 vom 6. Januar 1978, das Gesetz Nr. 2004-801 vom 6. August 2004, Artikel L. 226-13 des Strafgesetzbuches und die Europ\u00e4ische Richtlinie des Europ\u00e4ischen Parlaments gesch\u00fctzt 24. Oktober 1995.<\/p>\n<p>Anl\u00e4sslich der Nutzung der Website <a href=\"http:\/\/www.pernatindustrie.com\/\"> www.pernatindustrie.com <\/a> k\u00f6nnen gesammelt werden: die URL-Links \u00fcber Von dort aus hat der Benutzer auf die Website <a href=\"http:\/\/www.pernatindustrie.com\/\"> www.pernatindustrie.com <\/a>, den Dienstanbieter des Benutzers sowie die Protokolladresse zugegriffen Internet (IP) des Benutzers.<\/p>\n<p>In jedem Fall erhebt PERNAT INDUSTRIE SA nur pers\u00f6nliche Informationen \u00fcber den Benutzer f\u00fcr die Bed\u00fcrfnisse bestimmter Dienstleistungen, die von <a href=\"http:\/\/www.pernatindustrie.com\/\"> www.pernatindustrie angeboten werden. com <\/a>. Der Benutzer stellt diese Informationen unter voller Kenntnis der Tatsachen zur Verf\u00fcgung, insbesondere wenn er von sich aus zu seiner Eingabe \u00fcbergeht. Dem Nutzer der Website <a href=\"http:\/\/www.pernatindustrie.com\/\"> www.pernatindustrie.com <\/a> ist dann die Verpflichtung klar, diese Informationen nicht bereitzustellen.<\/p>\n<p>Gem\u00e4\u00df den Bestimmungen der Artikel 38 ff. Des Gesetzes 78-17 vom 6. Januar 1978, die sich auf Daten, Dateien und Freiheiten beziehen, haben alle Nutzer ein Recht auf Zugang, Berichtigung und Widerspruch gegen personenbezogene Daten. ihn betreffen, indem er seinen schriftlichen und unterzeichneten Antrag zusammen mit einer Kopie des Ausweisdokuments mit Unterschrift des Inhabers des Dokuments unter Angabe der Adresse \u00fcbermittelt, an die die Antwort zu senden ist.<\/p>\n<p>Keine pers\u00f6nlichen Daten des Nutzers der Website <a href=\"http:\/\/www.pernatindustrie.com\/\"> www.pernatindustrie.com <\/a> werden ohne Wissen des Nutzers ver\u00f6ffentlicht, ausgetauscht, \u00fcbertragen, \u00fcbertragen oder anderweitig verkauft. Nur die Annahme einer R\u00fccknahme von PERNAT INDUSTRIE SA und ihrer Rechte w\u00fcrde die \u00dcbermittlung dieser Informationen an den potenziellen K\u00e4ufer erm\u00f6glichen, der wiederum die gleiche Verpflichtung zur Speicherung und \u00c4nderung von Daten gegen\u00fcber dem Nutzer des Unternehmens h\u00e4tte <a href=\"http:\/\/www.pernatindustrie.com\/\"> www.pernatindustrie.com <\/a>.<\/p>\n<p>Die Website ist nicht f\u00fcr die CNIL deklariert, da keine pers\u00f6nlichen Informationen erfasst werden. .<\/p>\n<p>Die Datenbanken sind durch die Bestimmungen des Gesetzes vom 1. Juli 1998 zur Umsetzung der Richtlinie 96\/9 vom 11. M\u00e4rz 1996 \u00fcber den rechtlichen Schutz von Datenbanken gesch\u00fctzt.<\/p>\n<h4>8. Hypertext-Links und Cookies.<\/h4>\n<p>Die Website <a href=\"http:\/\/www.pernatindustrie.com\/\"> www.pernatindustrie.com <\/a> enth\u00e4lt eine Reihe von Hypertext-Links zu anderen Websites, die mit Genehmigung von PERNAT eingerichtet wurden INDUSTRIE SA. PERNAT INDUSTRIE SA hat jedoch keine M\u00f6glichkeit, den Inhalt der besuchten Seiten zu \u00fcberpr\u00fcfen, und \u00fcbernimmt daher keine Haftung f\u00fcr diese Tatsache.<\/p>\n<p>Durch das Surfen auf der Website <a href=\"http:\/\/www.pernatindustrie.com\/\"> www.pernatindustrie.com <\/a> kann es zur Installation von Cookies auf dem Computer des Unternehmens kommen Benutzer. Ein Cookie ist eine kleine Datei, die die Identifizierung des Benutzers nicht zul\u00e4sst, jedoch Informationen speichert, die sich auf die Navigation eines Computers auf einer Site beziehen. Die so gewonnenen Daten sollen die sp\u00e4tere Navigation auf der Site erleichtern und verschiedene Besucherma\u00dfnahmen erm\u00f6glichen.<\/p>\n<p>Die Weigerung, ein Cookie zu installieren, kann den Zugriff auf bestimmte Dienste unm\u00f6glich machen. Der Benutzer kann seinen Computer jedoch wie folgt konfigurieren, um die Installation von Cookies abzulehnen:<\/p>\n<p>Im Internet Explorer: Werkzeugregister (Piktogramm in Form eines Zahnrads in der oberen rechten Ecke) \/ Internetoptionen. Klicken Sie auf Datenschutz und w\u00e4hlen Sie Alle Cookies blockieren aus. Best\u00e4tigen Sie mit OK.<\/p>\n<p>In Firefox: Klicken Sie oben im Browserfenster auf die Schaltfl\u00e4che Firefox und wechseln Sie zur Registerkarte Optionen. Klicken Sie auf die Registerkarte Datenschutz.<br \/>\nLegen Sie die Aufbewahrungsregeln wie folgt fest: Verwenden Sie benutzerdefinierte Einstellungen f\u00fcr den Verlauf. Deaktivieren Sie es schlie\u00dflich, um Cookies zu deaktivieren.<\/p>\n<p>Unter Safari: Klicken Sie oben rechts im Browser auf das Men\u00fc-Piktogramm (symbolisiert durch einen Zahn). W\u00e4hlen Sie Einstellungen aus. Klicken Sie auf Erweiterte Einstellungen anzeigen. Klicken Sie im Abschnitt &#8220;Datenschutz&#8221; auf Inhaltseinstellungen. Im Abschnitt &#8220;Cookies&#8221; k\u00f6nnen Sie Cookies blockieren.<\/p>\n<p>Unter Chrome: Klicken Sie oben rechts im Browser auf das Men\u00fcsymbol (symbolisiert durch drei horizontale Linien). W\u00e4hlen Sie Einstellungen aus. Klicken Sie auf Erweiterte Einstellungen anzeigen. Klicken Sie im Bereich &#8220;Datenschutz&#8221; auf Einstellungen. Auf der Registerkarte &#8220;Datenschutz&#8221; k\u00f6nnen Sie Cookies blockieren.<\/p>\n<h4>9. Anwendbares Recht und Gerichtsstand.<\/h4>\n<p>Alle Streitigkeiten im Zusammenhang mit der Nutzung der Website <a href=\"http:\/\/www.pernatindustrie.com\/\"> www.pernatindustrie.com <\/a> unterliegen franz\u00f6sischem Recht. Es ist ausschliesslich f\u00fcr die zust\u00e4ndigen Gerichte von Paris zust\u00e4ndig.<\/p>\n<h4>10. Die wichtigsten betroffenen Gesetze.<\/h4>\n<p>Gesetz Nr. 78-17 vom 6. Januar 1978, insbesondere ge\u00e4ndert durch das Gesetz Nr. 2004-801 vom 6. August 2004 betreffend Datenverarbeitung, Akten und Freiheiten.<\/p>\n<p>Gesetz Nr. 2004-575 vom 21. Juni 2004 \u00fcber das Vertrauen in die digitale Wirtschaft.<\/p>\n<h4>11. Lexicon.<\/h4>\n<p>Benutzer: Internetbenutzer, der die oben genannte Site verwendet.<\/p>\n<p>Personenbezogene Daten: &#8220;Informationen, die in irgendeiner Form direkt oder indirekt die Identifizierung nat\u00fcrlicher Personen erm\u00f6glichen, auf die sie sich beziehen&#8221; (Artikel 4 des Gesetzes 78-17 vom 6. Januar 1978).<\/p>\n","protected":false},"excerpt":{"rendered":"<p>Rechtliche Hinweise 1. Vorstellung der Site. Gem\u00e4\u00df Artikel 6 des Gesetzes Nr. 2004-575 vom 21. Juni 2004 \u00fcber das Vertrauen in die digitale Wirtschaft ist den<span class=\"excerpt-hellip\"> [\u2026]<\/span><\/p>\n","protected":false},"author":1,"featured_media":0,"parent":0,"menu_order":0,"comment_status":"open","ping_status":"open","template":"","meta":{"footnotes":""},"class_list":["post-4936","page","type-page","status-publish","hentry"],"_links":{"self":[{"href":"https:\/\/www.pernatindustrie.com\/de\/wp-json\/wp\/v2\/pages\/4936","targetHints":{"allow":["GET"]}}],"collection":[{"href":"https:\/\/www.pernatindustrie.com\/de\/wp-json\/wp\/v2\/pages"}],"about":[{"href":"https:\/\/www.pernatindustrie.com\/de\/wp-json\/wp\/v2\/types\/page"}],"author":[{"embeddable":true,"href":"https:\/\/www.pernatindustrie.com\/de\/wp-json\/wp\/v2\/users\/1"}],"replies":[{"embeddable":true,"href":"https:\/\/www.pernatindustrie.com\/de\/wp-json\/wp\/v2\/comments?post=4936"}],"version-history":[{"count":0,"href":"https:\/\/www.pernatindustrie.com\/de\/wp-json\/wp\/v2\/pages\/4936\/revisions"}],"wp:attachment":[{"href":"https:\/\/www.pernatindustrie.com\/de\/wp-json\/wp\/v2\/media?parent=4936"}],"curies":[{"name":"wp","href":"https:\/\/api.w.org\/{rel}","templated":true}]}}