{"id":4138,"date":"2018-11-16T15:42:12","date_gmt":"2018-11-16T14:42:12","guid":{"rendered":"http:\/\/www.pernatindustrie.com\/commitment-environment\/"},"modified":"2018-12-03T10:28:53","modified_gmt":"2018-12-03T09:28:53","slug":"commitment-environment","status":"publish","type":"page","link":"https:\/\/www.pernatindustrie.com\/en\/group\/commitment-environment\/","title":{"rendered":"Commitment &#8211; Environment"},"content":{"rendered":"<p> <img decoding=\"async\" src=\"http:\/\/www.pernatindustrie.com\/wp-content\/uploads\/2018\/08\/iso-14001.png\" alt=\"iso-14001\"\/><\/p>\n<p>center<\/p>\n<p>ISO 14001<\/p>\n<h4>Face aux changements climatiques, nous devons tous, \u00e0 notre \u00e9chelle, contribuer \u00e0 lutter contre ces d\u00e9r\u00e8glements.<\/h4>\n<p>Fort de ce constat, d\u00e8s 2009, PERNAT traduit son engagement environnemental dans sa politique et mobilise toutes ses \u00e9quipes \u00e0 tout niveau. Cette d\u00e9marche st confort\u00e9e par la certification ISO 14001 de son si\u00e8ge social.<\/br><br \/>\nLes engagements pris sont :<\/p>\n<ul>\n<li>Etre \u00e0 l&#8217;\u00e9coute des observations de son environnement direct,\n<\/li>\n<li>R\u00e9duire les consommations d&#8217;\u00e9nergie,\n<\/li>\n<li>\nR\u00e9duire les consommables et ainsi r\u00e9duire le volume de d\u00e9chets,\n<\/li>\n<li>R\u00e9duire les consommables et ainsi r\u00e9duire le volume de d\u00e9chets,\n<\/li>\n<li>Int\u00e9grer l&#8217;analyse du cycle de vie, des \u00e9volutions techniques lors de nouvel achat-remplacement de produit -infrastructures -\u00e9quipement\n<\/li>\n<li>G\u00e9rer les d\u00e9chets en privil\u00e9giant le r\u00e9-emploi et le recyclage,\n<\/li>\n<li>S&#8217;informer des solutions de transport alternatives d\u00e9velopp\u00e9es en r\u00e9gion et sur le territoire,\n<\/li>\n<li>Sensibiliser son personnel, les intervenants sur sites et l&#8217;ensemble de ses partenaires des d\u00e9marches mises en place.\n<\/li>\n<\/ul>\n<p>left<\/p>\n<p>no-repeat;left top;;<\/p>\n<p>auto<\/p>\n<h4>Notre engagement Social<\/h4>\n<p>Membre de la F\u00e9d\u00e9ration des Industries M\u00e9caniques (FIM), du Syndicat National du D\u00e9colletage (SNDEC), du Centre Technique du D\u00e9colletage (CTDEC), du Centre Technique des Industries M\u00e9caniques (CETIM), l\u2019entreprise s\u2019engage aux c\u00f4t\u00e9s de la profession pour soutenir l\u2019industrie fran\u00e7aise.<\/p>\n<p>Nous somme \u00e9galement adh\u00e9rent \u00e0 l&#8217;association ALPEGE, acteur majeur du recrutement et de l\u2019accompagnement RH au sein de la vall\u00e9e de l\u2019Arve.<\/p>\n<p>left<\/p>\n<p>no-repeat;left top;;<\/p>\n<p>auto<\/p>\n<p><img decoding=\"async\" src=\"https:\/\/www.pernatindustrie.com\/wp-content\/uploads\/2018\/10\/logo-adhesion.png\" alt=\"logo-adhesion\"\/><\/p>\n<p>center<\/p>\n<p>ISO 14001<\/p>\n","protected":false},"excerpt":{"rendered":"<p>center ISO 14001 Face aux changements climatiques, nous devons tous, \u00e0 notre \u00e9chelle, contribuer \u00e0 lutter contre ces d\u00e9r\u00e8glements. Fort de ce constat, d\u00e8s 2009, PERNAT<span class=\"excerpt-hellip\"> [\u2026]<\/span><\/p>\n","protected":false},"author":1,"featured_media":0,"parent":4151,"menu_order":0,"comment_status":"open","ping_status":"open","template":"","meta":{"footnotes":""},"class_list":["post-4138","page","type-page","status-publish","hentry"],"_links":{"self":[{"href":"https:\/\/www.pernatindustrie.com\/en\/wp-json\/wp\/v2\/pages\/4138","targetHints":{"allow":["GET"]}}],"collection":[{"href":"https:\/\/www.pernatindustrie.com\/en\/wp-json\/wp\/v2\/pages"}],"about":[{"href":"https:\/\/www.pernatindustrie.com\/en\/wp-json\/wp\/v2\/types\/page"}],"author":[{"embeddable":true,"href":"https:\/\/www.pernatindustrie.com\/en\/wp-json\/wp\/v2\/users\/1"}],"replies":[{"embeddable":true,"href":"https:\/\/www.pernatindustrie.com\/en\/wp-json\/wp\/v2\/comments?post=4138"}],"version-history":[{"count":4,"href":"https:\/\/www.pernatindustrie.com\/en\/wp-json\/wp\/v2\/pages\/4138\/revisions"}],"predecessor-version":[{"id":4723,"href":"https:\/\/www.pernatindustrie.com\/en\/wp-json\/wp\/v2\/pages\/4138\/revisions\/4723"}],"up":[{"embeddable":true,"href":"https:\/\/www.pernatindustrie.com\/en\/wp-json\/wp\/v2\/pages\/4151"}],"wp:attachment":[{"href":"https:\/\/www.pernatindustrie.com\/en\/wp-json\/wp\/v2\/media?parent=4138"}],"curies":[{"name":"wp","href":"https:\/\/api.w.org\/{rel}","templated":true}]}}